{"id":2545,"date":"2021-12-07T14:36:56","date_gmt":"2021-12-07T14:36:56","guid":{"rendered":"https:\/\/mcipropiedades.com.ar\/propiedades\/?post_type=product&#038;p=2545"},"modified":"2022-06-28T16:38:04","modified_gmt":"2022-06-28T16:38:04","slug":"av-dorrego-1500-colegiales-venta-en-block-2-locales-mas-ph-con-terraza","status":"publish","type":"product","link":"https:\/\/mcipropiedades.com.ar\/propiedades\/producto\/av-dorrego-1500-colegiales-venta-en-block-2-locales-mas-ph-con-terraza\/","title":{"rendered":"AV DORREGO 1500, (PALERMO  HOLLYWOOD)  VENTA EN BLOCK, 2 LOCALES, MAS PH CON TERRAZA"},"content":{"rendered":"<p>Venta en block de 3 unidades funcionales, consta de 1 departamento en<br \/>\nplanta alta y 2 locales a la calle sobre Av. Dorrego al 1500\u00a0 \u2013 Palermo<br \/>\nHolywood. tipo PH con patio com\u00fan y Entrada com\u00fan por pasillo. Precio<br \/>\ntotal : u$S 480.000.-<br \/>\nDepartamento en planta alta al frente 52 m2 cubiertos<br \/>\ncon balc\u00f3n corrido de 5 m2 descubiertos<br \/>\nmetros totales por escritura y plano: 56,72m2<br \/>\nmedidas aproximadas:<br \/>\nBa\u00f1o completo 2,20m x 1,40m con recept\u00e1culo de ducha<br \/>\nCocina 2,20m x 4,60m<br \/>\nLiving comedor 3,60m x 4,70m<br \/>\nDormitorio 3,60m x 3,60m + un espacio para vestidor 2,20m x 2 m y Aire Acondicionado.<br \/>\nTerraza 6m x 8,66m todo a la calle.<br \/>\nPatio Comun 3,80m x 11m<br \/>\nAmplio, Super luminoso, Sol por la ma\u00f1ana de frente y por la tarde de contrafrente. Ventanas a la<br \/>\ncalle y al contrafrente, buena ventilaci\u00f3n. Buena movilidad, l\u00edneas de colectivos, trenes y subtes.<br \/>\nEn cercan\u00eda de plazas, kioscos, bares, restaurantes, helader\u00edas, supermercados, estaciones de<br \/>\nservicio y bancos.<\/p>\n<p>Medidores de luz y gas individuales y abl individual \u2013 \u00a0Sin Expensas. &#8211; Sin deudas<\/p>\n<p>Local 1 y local 2 son gemelos 21m2 cada uno<br \/>\nMedidas aproximadas 3,50m frente y 6m de fondo<br \/>\nCada local tiene su ba\u00f1o.<br \/>\nPuertas y vidrieras con rejas.<br \/>\nSuper luminosos, sol por la ma\u00f1ana. Bien ubicados, sobre avenida Dorrego, movimiento fluido de<br \/>\ngente y turistas.<br \/>\nUbicaci\u00f3n ideal en el centro del distrito audiovisual, a 2 cuadras de canal 9 y en cercan\u00eda de varios<br \/>\nestudios de tv y teatros, zona de eventos. Zona en crecimiento, en cercan\u00eda de plazas, kioscos,<br \/>\nbares, restaurantes, helader\u00edas, supermercados, estaciones de servicio y bancos.<br \/>\nMedidores de luz individuales y abl individual \u2013 \u00a0\u2013 Sin Expensas. \u2013 Sin deudas<\/p>\n","protected":false},"excerpt":{"rendered":"<p>Venta en block de 3 unidades funcionales, consta de 1 departamento en planta alta y 2 locales a la calle sobre Av. Dorrego al 1500\u00a0 \u2013 Palermo Holywood. tipo PH con patio com\u00fan y Entrada com\u00fan por pasillo. Precio total : u$S 480.000.- Departamento en planta alta al frente 52 m2 cubiertos con balc\u00f3n corrido [&hellip;]<\/p>\n","protected":false},"featured_media":2551,"template":"","meta":[],"product_brand":[],"product_cat":[26,59,17],"product_tag":[],"class_list":{"0":"post-2545","1":"product","2":"type-product","3":"status-publish","4":"has-post-thumbnail","6":"product_cat-casas-venta","7":"product_cat-ph","8":"product_cat-venta","10":"first","11":"instock","12":"shipping-taxable","13":"purchasable","14":"product-type-simple"},"_links":{"self":[{"href":"https:\/\/mcipropiedades.com.ar\/propiedades\/wp-json\/wp\/v2\/product\/2545","targetHints":{"allow":["GET"]}}],"collection":[{"href":"https:\/\/mcipropiedades.com.ar\/propiedades\/wp-json\/wp\/v2\/product"}],"about":[{"href":"https:\/\/mcipropiedades.com.ar\/propiedades\/wp-json\/wp\/v2\/types\/product"}],"wp:featuredmedia":[{"embeddable":true,"href":"https:\/\/mcipropiedades.com.ar\/propiedades\/wp-json\/wp\/v2\/media\/2551"}],"wp:attachment":[{"href":"https:\/\/mcipropiedades.com.ar\/propiedades\/wp-json\/wp\/v2\/media?parent=2545"}],"wp:term":[{"taxonomy":"product_brand","embeddable":true,"href":"https:\/\/mcipropiedades.com.ar\/propiedades\/wp-json\/wp\/v2\/product_brand?post=2545"},{"taxonomy":"product_cat","embeddable":true,"href":"https:\/\/mcipropiedades.com.ar\/propiedades\/wp-json\/wp\/v2\/product_cat?post=2545"},{"taxonomy":"product_tag","embeddable":true,"href":"https:\/\/mcipropiedades.com.ar\/propiedades\/wp-json\/wp\/v2\/product_tag?post=2545"}],"curies":[{"name":"wp","href":"https:\/\/api.w.org\/{rel}","templated":true}]}}