{"id":326,"date":"2020-08-25T18:22:15","date_gmt":"2020-08-25T18:22:15","guid":{"rendered":"https:\/\/mcipropiedades.com.ar\/propiedades\/?post_type=product&#038;p=326"},"modified":"2023-09-27T14:45:36","modified_gmt":"2023-09-27T14:45:36","slug":"3-amb-tte-gral-juan-d-peron-1738-5","status":"publish","type":"product","link":"https:\/\/mcipropiedades.com.ar\/propiedades\/producto\/3-amb-tte-gral-juan-d-peron-1738-5\/","title":{"rendered":"3 AMB Tte Gral Juan D Peron 1738 , 5"},"content":{"rendered":"<p>3 Amb U$S 120.000(CONGRESO)<\/p>\n<p>MCI PROPIEDADES!! 20 A\u00d1OS EN EL BARRIO.<br \/>\nSE ACEPTA PERMUTA, SE FINANCIA E HIPOTECAMOS!!! TAMBI\u00c9N SE ACEPTA AUTO Y CAMIONETA COMO PARTE DE PAGO!!<\/p>\n<p>Ubicaci\u00f3n: TTE. GRAL PERON 1738 5\u00aa E\/CALLAO Y R PE\u00d1A<\/p>\n<p>Superficie Total: 50 m2 APTO PROFESIONAL<br \/>\nLA UNIDAD DE 3 AMBIENTES, CON MUCHA LUZ NATURAL, AMPLIO LIVING COMEDOR Y 2 DORMITORIOS CON PLACARD, PISOS DE PARQUET RECIEN PLASTIFICADOS, COCINA AMPLIA CON LUGAR PARA EL LAVARROPA, BA\u00d1O COMPLETO CON BA\u00d1ADERA. TODO A MTS DE AV CALLAO<\/p>\n","protected":false},"excerpt":{"rendered":"<p>3 Amb U$S 120.000(CONGRESO) MCI PROPIEDADES!! 20 A\u00d1OS EN EL BARRIO. SE ACEPTA PERMUTA, SE FINANCIA E HIPOTECAMOS!!! TAMBI\u00c9N SE ACEPTA AUTO Y CAMIONETA COMO PARTE DE PAGO!! Ubicaci\u00f3n: TTE. GRAL PERON 1738 5\u00aa E\/CALLAO Y R PE\u00d1A Superficie Total: 50 m2 APTO PROFESIONAL LA UNIDAD DE 3 AMBIENTES, CON MUCHA LUZ NATURAL, AMPLIO LIVING [&hellip;]<\/p>\n","protected":false},"featured_media":339,"template":"","meta":[],"product_brand":[],"product_cat":[45,25,17],"product_tag":[],"class_list":{"0":"post-326","1":"product","2":"type-product","3":"status-publish","4":"has-post-thumbnail","6":"product_cat-3-ambientes-departamentos-venta","7":"product_cat-departamentos-venta","8":"product_cat-venta","10":"first","11":"instock","12":"shipping-taxable","13":"purchasable","14":"product-type-simple"},"_links":{"self":[{"href":"https:\/\/mcipropiedades.com.ar\/propiedades\/wp-json\/wp\/v2\/product\/326","targetHints":{"allow":["GET"]}}],"collection":[{"href":"https:\/\/mcipropiedades.com.ar\/propiedades\/wp-json\/wp\/v2\/product"}],"about":[{"href":"https:\/\/mcipropiedades.com.ar\/propiedades\/wp-json\/wp\/v2\/types\/product"}],"wp:featuredmedia":[{"embeddable":true,"href":"https:\/\/mcipropiedades.com.ar\/propiedades\/wp-json\/wp\/v2\/media\/339"}],"wp:attachment":[{"href":"https:\/\/mcipropiedades.com.ar\/propiedades\/wp-json\/wp\/v2\/media?parent=326"}],"wp:term":[{"taxonomy":"product_brand","embeddable":true,"href":"https:\/\/mcipropiedades.com.ar\/propiedades\/wp-json\/wp\/v2\/product_brand?post=326"},{"taxonomy":"product_cat","embeddable":true,"href":"https:\/\/mcipropiedades.com.ar\/propiedades\/wp-json\/wp\/v2\/product_cat?post=326"},{"taxonomy":"product_tag","embeddable":true,"href":"https:\/\/mcipropiedades.com.ar\/propiedades\/wp-json\/wp\/v2\/product_tag?post=326"}],"curies":[{"name":"wp","href":"https:\/\/api.w.org\/{rel}","templated":true}]}}