{"id":5702,"date":"2024-12-05T18:34:10","date_gmt":"2024-12-05T18:34:10","guid":{"rendered":"https:\/\/mcipropiedades.com.ar\/propiedades\/?post_type=product&#038;p=5702"},"modified":"2024-12-05T18:34:10","modified_gmt":"2024-12-05T18:34:10","slug":"local-r-pena-311-barriocongreso","status":"publish","type":"product","link":"https:\/\/mcipropiedades.com.ar\/propiedades\/producto\/local-r-pena-311-barriocongreso\/","title":{"rendered":"LOCAL R PE\u00d1A 311 (BARRIO:CONGRESO)"},"content":{"rendered":"<p>LOCAL R PE\u00d1A 311 (BARRIO:CONGRESO) LOCAL ANTE ESQUINA, RODRIGUEZ PE\u00d1A Y SARMIENTO,\u00a0 50 MTS, CON UN BA\u00d1O Y SOTANO.\u00a0 ZONA CENTRICA DE LA CIUDAD.<\/p>\n","protected":false},"excerpt":{"rendered":"<p>LOCAL R PE\u00d1A 311 (BARRIO:CONGRESO) LOCAL ANTE ESQUINA, RODRIGUEZ PE\u00d1A Y SARMIENTO,\u00a0 50 MTS, CON UN BA\u00d1O Y SOTANO.\u00a0 ZONA CENTRICA DE LA CIUDAD.<\/p>\n","protected":false},"featured_media":5713,"template":"","meta":[],"product_brand":[],"product_cat":[58,17],"product_tag":[],"class_list":{"0":"post-5702","1":"product","2":"type-product","3":"status-publish","4":"has-post-thumbnail","6":"product_cat-local","7":"product_cat-venta","9":"first","10":"instock","11":"shipping-taxable","12":"purchasable","13":"product-type-simple"},"_links":{"self":[{"href":"https:\/\/mcipropiedades.com.ar\/propiedades\/wp-json\/wp\/v2\/product\/5702","targetHints":{"allow":["GET"]}}],"collection":[{"href":"https:\/\/mcipropiedades.com.ar\/propiedades\/wp-json\/wp\/v2\/product"}],"about":[{"href":"https:\/\/mcipropiedades.com.ar\/propiedades\/wp-json\/wp\/v2\/types\/product"}],"wp:featuredmedia":[{"embeddable":true,"href":"https:\/\/mcipropiedades.com.ar\/propiedades\/wp-json\/wp\/v2\/media\/5713"}],"wp:attachment":[{"href":"https:\/\/mcipropiedades.com.ar\/propiedades\/wp-json\/wp\/v2\/media?parent=5702"}],"wp:term":[{"taxonomy":"product_brand","embeddable":true,"href":"https:\/\/mcipropiedades.com.ar\/propiedades\/wp-json\/wp\/v2\/product_brand?post=5702"},{"taxonomy":"product_cat","embeddable":true,"href":"https:\/\/mcipropiedades.com.ar\/propiedades\/wp-json\/wp\/v2\/product_cat?post=5702"},{"taxonomy":"product_tag","embeddable":true,"href":"https:\/\/mcipropiedades.com.ar\/propiedades\/wp-json\/wp\/v2\/product_tag?post=5702"}],"curies":[{"name":"wp","href":"https:\/\/api.w.org\/{rel}","templated":true}]}}