{"id":7481,"date":"2026-01-22T18:51:59","date_gmt":"2026-01-22T18:51:59","guid":{"rendered":"https:\/\/mcipropiedades.com.ar\/propiedades\/?post_type=product&#038;p=7481"},"modified":"2026-01-22T18:51:59","modified_gmt":"2026-01-22T18:51:59","slug":"2-amb-c-frente-vista-panoramica-gral-peron-2250-5-barrio-congreso","status":"publish","type":"product","link":"https:\/\/mcipropiedades.com.ar\/propiedades\/producto\/2-amb-c-frente-vista-panoramica-gral-peron-2250-5-barrio-congreso\/","title":{"rendered":"2 AMB, C\/FRENTE VISTA PANORAMICA, GRAL PERON 2250 5 (BARRIO: CONGRESO)"},"content":{"rendered":"<p>Este departamento se ubica en un edificio que cuenta con hall de acceso y \u00e1reas comunes con pisos de parquet y con detalles en tonos claros. La unidad posee una superficie total y cubierta de 36 m\u00b2, organizados en espacios definidos. El ambiente principal conecta con amplios ventanales al exterior, aportando buena visualizaci\u00f3n del entorno urbano.<\/p>\n<p>El departamento dispone de un dormitorio y un ba\u00f1o, con acceso independiente desde el \u00e1rea principal. El dormitorio incluye armario empotrado y ventana con vista al exterior. La cocina, separada del living, cuenta con mobiliario bajo mesada y alacena, revestimientos de cer\u00e1mica y espacio para el equipamiento b\u00e1sico. El ba\u00f1o, con luz artificial y plato de ducha, se encuentra tambi\u00e9n revestido con materiales cer\u00e1micos.<\/p>\n<p>Las zonas comunes del edificio muestran una entrada con decoraci\u00f3n vegetal y espacios cerrados con sistema de iluminaci\u00f3n, acceso directo a los pasillos y escaleras distribuidoras, asegurando circulaci\u00f3n interna hacia las distintas unidades del complejo.<\/p>\n","protected":false},"excerpt":{"rendered":"<p>Este departamento se ubica en un edificio que cuenta con hall de acceso y \u00e1reas comunes con pisos de parquet y con detalles en tonos claros. La unidad posee una superficie total y cubierta de 36 m\u00b2, organizados en espacios definidos. El ambiente principal conecta con amplios ventanales al exterior, aportando buena visualizaci\u00f3n del entorno [&hellip;]<\/p>\n","protected":false},"featured_media":7487,"template":"","meta":[],"product_brand":[],"product_cat":[46,25,17],"product_tag":[],"class_list":{"0":"post-7481","1":"product","2":"type-product","3":"status-publish","4":"has-post-thumbnail","6":"product_cat-2-ambientes-departamentos-venta","7":"product_cat-departamentos-venta","8":"product_cat-venta","10":"first","11":"instock","12":"shipping-taxable","13":"purchasable","14":"product-type-simple"},"_links":{"self":[{"href":"https:\/\/mcipropiedades.com.ar\/propiedades\/wp-json\/wp\/v2\/product\/7481","targetHints":{"allow":["GET"]}}],"collection":[{"href":"https:\/\/mcipropiedades.com.ar\/propiedades\/wp-json\/wp\/v2\/product"}],"about":[{"href":"https:\/\/mcipropiedades.com.ar\/propiedades\/wp-json\/wp\/v2\/types\/product"}],"wp:featuredmedia":[{"embeddable":true,"href":"https:\/\/mcipropiedades.com.ar\/propiedades\/wp-json\/wp\/v2\/media\/7487"}],"wp:attachment":[{"href":"https:\/\/mcipropiedades.com.ar\/propiedades\/wp-json\/wp\/v2\/media?parent=7481"}],"wp:term":[{"taxonomy":"product_brand","embeddable":true,"href":"https:\/\/mcipropiedades.com.ar\/propiedades\/wp-json\/wp\/v2\/product_brand?post=7481"},{"taxonomy":"product_cat","embeddable":true,"href":"https:\/\/mcipropiedades.com.ar\/propiedades\/wp-json\/wp\/v2\/product_cat?post=7481"},{"taxonomy":"product_tag","embeddable":true,"href":"https:\/\/mcipropiedades.com.ar\/propiedades\/wp-json\/wp\/v2\/product_tag?post=7481"}],"curies":[{"name":"wp","href":"https:\/\/api.w.org\/{rel}","templated":true}]}}