{"id":7515,"date":"2026-01-28T15:22:51","date_gmt":"2026-01-28T15:22:51","guid":{"rendered":"https:\/\/mcipropiedades.com.ar\/propiedades\/?post_type=product&#038;p=7515"},"modified":"2026-04-06T14:57:14","modified_gmt":"2026-04-06T14:57:14","slug":"2-amb-tte-gral-peron-2120-4-barrio-congreso","status":"publish","type":"product","link":"https:\/\/mcipropiedades.com.ar\/propiedades\/producto\/2-amb-tte-gral-peron-2120-4-barrio-congreso\/","title":{"rendered":"RESERVADO!! 2 AMB TTE, GRAL PERON 2120 4 (BARRIO: CONGRESO)"},"content":{"rendered":"<p>Este departamento cuenta con una superficie total y cubierta de 37 m\u00b2 . El espacio principal presenta pisos cer\u00e1micos y ventanales que permiten la entrada de luz natural, adem\u00e1s de contar con aire acondicionado instalado. El dormitorio dispone de un \u00e1rea de guardado con estantes y espacio para organizaci\u00f3n (vestidor) . El ba\u00f1o est\u00e1 equipado con ba\u00f1era, bidet, inodoro y mueble bajo lavabo, con revestimientos cer\u00e1micos en paredes y pisos. La cocina independiente incluye muebles de almacenamiento superiores e inferiores, cocina a gas y acceso a un \u00e1rea de lavadero con pileta y ventana al exterior. El edificio ofrece un hall de ingreso con detalles en piedra y buena iluminaci\u00f3n, brindando acceso directo desde la calle.<\/p>\n","protected":false},"excerpt":{"rendered":"<p>Este departamento cuenta con una superficie total y cubierta de 37 m\u00b2 . El espacio principal presenta pisos cer\u00e1micos y ventanales que permiten la entrada de luz natural, adem\u00e1s de contar con aire acondicionado instalado. El dormitorio dispone de un \u00e1rea de guardado con estantes y espacio para organizaci\u00f3n (vestidor) . El ba\u00f1o est\u00e1 equipado [&hellip;]<\/p>\n","protected":false},"featured_media":7519,"template":"","meta":[],"product_brand":[],"product_cat":[46,25,17],"product_tag":[],"class_list":{"0":"post-7515","1":"product","2":"type-product","3":"status-publish","4":"has-post-thumbnail","6":"product_cat-2-ambientes-departamentos-venta","7":"product_cat-departamentos-venta","8":"product_cat-venta","10":"first","11":"instock","12":"shipping-taxable","13":"purchasable","14":"product-type-simple"},"_links":{"self":[{"href":"https:\/\/mcipropiedades.com.ar\/propiedades\/wp-json\/wp\/v2\/product\/7515","targetHints":{"allow":["GET"]}}],"collection":[{"href":"https:\/\/mcipropiedades.com.ar\/propiedades\/wp-json\/wp\/v2\/product"}],"about":[{"href":"https:\/\/mcipropiedades.com.ar\/propiedades\/wp-json\/wp\/v2\/types\/product"}],"wp:featuredmedia":[{"embeddable":true,"href":"https:\/\/mcipropiedades.com.ar\/propiedades\/wp-json\/wp\/v2\/media\/7519"}],"wp:attachment":[{"href":"https:\/\/mcipropiedades.com.ar\/propiedades\/wp-json\/wp\/v2\/media?parent=7515"}],"wp:term":[{"taxonomy":"product_brand","embeddable":true,"href":"https:\/\/mcipropiedades.com.ar\/propiedades\/wp-json\/wp\/v2\/product_brand?post=7515"},{"taxonomy":"product_cat","embeddable":true,"href":"https:\/\/mcipropiedades.com.ar\/propiedades\/wp-json\/wp\/v2\/product_cat?post=7515"},{"taxonomy":"product_tag","embeddable":true,"href":"https:\/\/mcipropiedades.com.ar\/propiedades\/wp-json\/wp\/v2\/product_tag?post=7515"}],"curies":[{"name":"wp","href":"https:\/\/api.w.org\/{rel}","templated":true}]}}