{"id":752,"date":"2020-10-07T15:38:20","date_gmt":"2020-10-07T15:38:20","guid":{"rendered":"https:\/\/mcipropiedades.com.ar\/propiedades\/?post_type=product&#038;p=752"},"modified":"2025-10-23T14:52:27","modified_gmt":"2025-10-23T14:52:27","slug":"sarmiento-y-ayacucho","status":"publish","type":"product","link":"https:\/\/mcipropiedades.com.ar\/propiedades\/producto\/sarmiento-y-ayacucho\/","title":{"rendered":"IMPORTANTE PROPIEDAD EN SARMIENTO Y AYACUCHO"},"content":{"rendered":"<div><strong>SON 2 LOTES EDIFICADOS EN UNA SOLA ESCRITURA<\/strong><\/div>\n<div><\/div>\n<div><strong>UBICADOS EN LA ESQUINA DE SARMIENTO Y AYACUCHO<\/strong><\/div>\n<div><strong>FRENTE 30.77MTS\u00a0 \u00a0<\/strong><\/div>\n<div><strong>LA PROPIEDAD POSEE 1.147 MTS CONSTRUIDOS<\/strong><\/div>\n<div><\/div>\n<div><strong>DESCRIPCION DE LA PROPIEDAD:<\/strong> LOCAL EN PLANTA BAJA EN ESQUINA CON HABILITACI\u00d3N DE BAR, DONDE FUNCIONABA EL BAR \u00abLA ALHAMBRA\u00bb. ADEM\u00c0S LA PROPIEDAD SE INTEGRA CON 3 LOCALES CON ENTRADA INDEPENDIENTE.<\/div>\n<div>EL PRIMER Y SEGUNDO PISO EST\u00c1N ACTUALMENTE DESTINADOS A SERVICIO DE HOTELER\u00cdA. CUENTA CON 32 HABITACIONES HABILITADAS, PUDIENDO EXTENDERSE LA HABILITACI\u00d3N A OTROS CUARTOS.<\/div>\n<div>ESTADO GENERAL MUY BUENO<\/div>\n<div><\/div>\n<div class=\"clase\"><strong>AYACUCHO 296<\/strong> ( APH: CODIGO URBANISTICO\u00a0 PROTECCION PATRIMONIAL)<\/div>\n<div><\/div>\n<table class=\"table table-striped data-list\">\n<tbody>\n<tr>\n<td class=\"clave\">Superficie Total (m2):<\/td>\n<td class=\"valor\">191.00<\/td>\n<\/tr>\n<tr>\n<td class=\"clave\">Superficie Cubierta (m2):<\/td>\n<td class=\"valor\">631.00<\/td>\n<\/tr>\n<tr>\n<td class=\"clave\">Frente (m):<\/td>\n<td class=\"valor\">13.19<\/td>\n<\/tr>\n<tr>\n<td class=\"clave\">Fondo (m):<\/td>\n<td class=\"valor\">14.48<\/td>\n<\/tr>\n<\/tbody>\n<\/table>\n<div class=\"clase\"><strong>AYACUCHO 282<\/strong> ( CODIGO URBANO: <em>Unidades<\/em>\u00a0de\u00a0<em>Sustentabilidad<\/em> de Altura Alta)<\/div>\n<table class=\"table table-striped data-list\">\n<tbody>\n<tr>\n<td class=\"clave\">Superficie Total (m2):<\/td>\n<td class=\"valor\">226.00<\/td>\n<\/tr>\n<tr>\n<td class=\"clave\">Superficie Cubierta (m2):<\/td>\n<td class=\"valor\">516.00<\/td>\n<\/tr>\n<tr>\n<td class=\"clave\">Frente (m):<\/td>\n<td class=\"valor\">17.58<\/td>\n<\/tr>\n<tr>\n<td class=\"clave\">Fondo (m):<\/td>\n<td class=\"valor\">12.85<\/td>\n<\/tr>\n<\/tbody>\n<\/table>\n","protected":false},"excerpt":{"rendered":"<p>SON 2 LOTES EDIFICADOS EN UNA SOLA ESCRITURA UBICADOS EN LA ESQUINA DE SARMIENTO Y AYACUCHO FRENTE 30.77MTS\u00a0 \u00a0 LA PROPIEDAD POSEE 1.147 MTS CONSTRUIDOS DESCRIPCION DE LA PROPIEDAD: LOCAL EN PLANTA BAJA EN ESQUINA CON HABILITACI\u00d3N DE BAR, DONDE FUNCIONABA EL BAR \u00abLA ALHAMBRA\u00bb. ADEM\u00c0S LA PROPIEDAD SE INTEGRA CON 3 LOCALES CON ENTRADA [&hellip;]<\/p>\n","protected":false},"featured_media":753,"template":"","meta":[],"product_brand":[],"product_cat":[58,29,27,17],"product_tag":[],"class_list":{"0":"post-752","1":"product","2":"type-product","3":"status-publish","4":"has-post-thumbnail","6":"product_cat-local","7":"product_cat-lotes-venta","8":"product_cat-oficinas-venta","9":"product_cat-venta","11":"first","12":"instock","13":"shipping-taxable","14":"purchasable","15":"product-type-simple"},"_links":{"self":[{"href":"https:\/\/mcipropiedades.com.ar\/propiedades\/wp-json\/wp\/v2\/product\/752","targetHints":{"allow":["GET"]}}],"collection":[{"href":"https:\/\/mcipropiedades.com.ar\/propiedades\/wp-json\/wp\/v2\/product"}],"about":[{"href":"https:\/\/mcipropiedades.com.ar\/propiedades\/wp-json\/wp\/v2\/types\/product"}],"wp:featuredmedia":[{"embeddable":true,"href":"https:\/\/mcipropiedades.com.ar\/propiedades\/wp-json\/wp\/v2\/media\/753"}],"wp:attachment":[{"href":"https:\/\/mcipropiedades.com.ar\/propiedades\/wp-json\/wp\/v2\/media?parent=752"}],"wp:term":[{"taxonomy":"product_brand","embeddable":true,"href":"https:\/\/mcipropiedades.com.ar\/propiedades\/wp-json\/wp\/v2\/product_brand?post=752"},{"taxonomy":"product_cat","embeddable":true,"href":"https:\/\/mcipropiedades.com.ar\/propiedades\/wp-json\/wp\/v2\/product_cat?post=752"},{"taxonomy":"product_tag","embeddable":true,"href":"https:\/\/mcipropiedades.com.ar\/propiedades\/wp-json\/wp\/v2\/product_tag?post=752"}],"curies":[{"name":"wp","href":"https:\/\/api.w.org\/{rel}","templated":true}]}}