{"id":7565,"date":"2026-02-11T18:35:49","date_gmt":"2026-02-11T18:35:49","guid":{"rendered":"https:\/\/mcipropiedades.com.ar\/propiedades\/?post_type=product&#038;p=7565"},"modified":"2026-03-17T17:01:39","modified_gmt":"2026-03-17T17:01:39","slug":"1-amb-amoblado-hipolito-irigoyen-1315-barrio-centro","status":"publish","type":"product","link":"https:\/\/mcipropiedades.com.ar\/propiedades\/producto\/1-amb-amoblado-hipolito-irigoyen-1315-barrio-centro\/","title":{"rendered":"1 AMB AMOBLADO HIPOLITO IRIGOYEN 1315 (BARRIO: CENTRO)"},"content":{"rendered":"<p>Departamento tipo monoambiente de 28 m\u00b2 ubicado en un edificio en altura, con vistas despejadas a la ciudad. El espacio principal integra \u00e1rea de descanso, comedor y almacenamiento, con placares empotrados y ventanales que aportan iluminaci\u00f3n natural. La cocina est\u00e1 equipada con muebles bajo y sobre mesada, anafe y espacio para heladera. El ba\u00f1o cuenta con ba\u00f1era, lavamanos, inodoro y bidet. Dentro del ambiente se observa la presencia de aire acondicionado split. El departamento ofrece pisos de madera y una distribuci\u00f3n funcional que optimiza el espacio disponible. Ambiente amoblado, a media cuadra de Av de Mayo y al lado del Palacio Barolo.<\/p>\n","protected":false},"excerpt":{"rendered":"<p>Departamento tipo monoambiente de 28 m\u00b2 ubicado en un edificio en altura, con vistas despejadas a la ciudad. El espacio principal integra \u00e1rea de descanso, comedor y almacenamiento, con placares empotrados y ventanales que aportan iluminaci\u00f3n natural. La cocina est\u00e1 equipada con muebles bajo y sobre mesada, anafe y espacio para heladera. El ba\u00f1o cuenta [&hellip;]<\/p>\n","protected":false},"featured_media":7566,"template":"","meta":[],"product_brand":[],"product_cat":[38,16,18],"product_tag":[],"class_list":{"0":"post-7565","1":"product","2":"type-product","3":"status-publish","4":"has-post-thumbnail","6":"product_cat-1-ambiente","7":"product_cat-alquiler","8":"product_cat-departamentos","10":"first","11":"instock","12":"shipping-taxable","13":"purchasable","14":"product-type-simple"},"_links":{"self":[{"href":"https:\/\/mcipropiedades.com.ar\/propiedades\/wp-json\/wp\/v2\/product\/7565","targetHints":{"allow":["GET"]}}],"collection":[{"href":"https:\/\/mcipropiedades.com.ar\/propiedades\/wp-json\/wp\/v2\/product"}],"about":[{"href":"https:\/\/mcipropiedades.com.ar\/propiedades\/wp-json\/wp\/v2\/types\/product"}],"wp:featuredmedia":[{"embeddable":true,"href":"https:\/\/mcipropiedades.com.ar\/propiedades\/wp-json\/wp\/v2\/media\/7566"}],"wp:attachment":[{"href":"https:\/\/mcipropiedades.com.ar\/propiedades\/wp-json\/wp\/v2\/media?parent=7565"}],"wp:term":[{"taxonomy":"product_brand","embeddable":true,"href":"https:\/\/mcipropiedades.com.ar\/propiedades\/wp-json\/wp\/v2\/product_brand?post=7565"},{"taxonomy":"product_cat","embeddable":true,"href":"https:\/\/mcipropiedades.com.ar\/propiedades\/wp-json\/wp\/v2\/product_cat?post=7565"},{"taxonomy":"product_tag","embeddable":true,"href":"https:\/\/mcipropiedades.com.ar\/propiedades\/wp-json\/wp\/v2\/product_tag?post=7565"}],"curies":[{"name":"wp","href":"https:\/\/api.w.org\/{rel}","templated":true}]}}