{"id":7636,"date":"2026-02-20T19:59:03","date_gmt":"2026-02-20T19:59:03","guid":{"rendered":"https:\/\/mcipropiedades.com.ar\/propiedades\/?post_type=product&#038;p=7636"},"modified":"2026-02-20T19:59:16","modified_gmt":"2026-02-20T19:59:16","slug":"2-amb-lavalle-2100-semi-amoblado-barrio-congreso","status":"publish","type":"product","link":"https:\/\/mcipropiedades.com.ar\/propiedades\/producto\/2-amb-lavalle-2100-semi-amoblado-barrio-congreso\/","title":{"rendered":"2 AMB LAVALLE 2100 SEMI AMOBLADO (BARRIO: CONGRESO)"},"content":{"rendered":"<p>2 AMB LAVALLE 2100 SEMI AMOBLADO (BARRIO: CONGRESO) Este departamento dispone de una superficie total y cubierta de 40 m\u00b2, configurado con un dormitorio y un ba\u00f1o. El espacio de living comedor se presenta integrado, con piso de parquet y ventanales que otorgan vista al exterior. El \u00e1rea de comedor cuenta con acceso directo al resto del departamento y mobiliario b\u00e1sico. La cocina ofrece un dise\u00f1o lineal con muebles bajo mesada y artefactos en tonos claros. El ba\u00f1o est\u00e1 equipado con ba\u00f1era, inodoro, bidet y lavamanos, revestido en cer\u00e1micas. Este departamento es ideal para quienes buscan funcionalidad en una superficie acotada, con distribuci\u00f3n pr\u00e1ctica en sus ambientes.<\/p>\n","protected":false},"excerpt":{"rendered":"<p>2 AMB LAVALLE 2100 SEMI AMOBLADO (BARRIO: CONGRESO) Este departamento dispone de una superficie total y cubierta de 40 m\u00b2, configurado con un dormitorio y un ba\u00f1o. El espacio de living comedor se presenta integrado, con piso de parquet y ventanales que otorgan vista al exterior. El \u00e1rea de comedor cuenta con acceso directo al [&hellip;]<\/p>\n","protected":false},"featured_media":7639,"template":"","meta":[],"product_brand":[],"product_cat":[39,16,18],"product_tag":[],"class_list":{"0":"post-7636","1":"product","2":"type-product","3":"status-publish","4":"has-post-thumbnail","6":"product_cat-2-ambientes","7":"product_cat-alquiler","8":"product_cat-departamentos","10":"first","11":"instock","12":"shipping-taxable","13":"purchasable","14":"product-type-simple"},"_links":{"self":[{"href":"https:\/\/mcipropiedades.com.ar\/propiedades\/wp-json\/wp\/v2\/product\/7636","targetHints":{"allow":["GET"]}}],"collection":[{"href":"https:\/\/mcipropiedades.com.ar\/propiedades\/wp-json\/wp\/v2\/product"}],"about":[{"href":"https:\/\/mcipropiedades.com.ar\/propiedades\/wp-json\/wp\/v2\/types\/product"}],"wp:featuredmedia":[{"embeddable":true,"href":"https:\/\/mcipropiedades.com.ar\/propiedades\/wp-json\/wp\/v2\/media\/7639"}],"wp:attachment":[{"href":"https:\/\/mcipropiedades.com.ar\/propiedades\/wp-json\/wp\/v2\/media?parent=7636"}],"wp:term":[{"taxonomy":"product_brand","embeddable":true,"href":"https:\/\/mcipropiedades.com.ar\/propiedades\/wp-json\/wp\/v2\/product_brand?post=7636"},{"taxonomy":"product_cat","embeddable":true,"href":"https:\/\/mcipropiedades.com.ar\/propiedades\/wp-json\/wp\/v2\/product_cat?post=7636"},{"taxonomy":"product_tag","embeddable":true,"href":"https:\/\/mcipropiedades.com.ar\/propiedades\/wp-json\/wp\/v2\/product_tag?post=7636"}],"curies":[{"name":"wp","href":"https:\/\/api.w.org\/{rel}","templated":true}]}}