{"id":7644,"date":"2026-03-11T16:53:20","date_gmt":"2026-03-11T16:53:20","guid":{"rendered":"https:\/\/mcipropiedades.com.ar\/propiedades\/?post_type=product&#038;p=7644"},"modified":"2026-03-17T16:51:38","modified_gmt":"2026-03-17T16:51:38","slug":"1-amb-sarmiento-1986-barrio-congreso","status":"publish","type":"product","link":"https:\/\/mcipropiedades.com.ar\/propiedades\/producto\/1-amb-sarmiento-1986-barrio-congreso\/","title":{"rendered":"1 AMB Sarmiento 1986 ( Barrio: Congreso)"},"content":{"rendered":"<p>Departamento tipo monoambiente con una superficie total y cubierta de 25 m\u00b2. Ubicado en un edificio de zona urbana, este departamento cuenta con un ambiente principal integrado, pisos de madera y ventanal que otorga acceso a un balc\u00f3n con vista a la ciudad. La cocina independiente est\u00e1 equipada con muebles bajo mesada y cocina a gas. El ba\u00f1o, de estilo tradicional, incluye ducha, inodoro, bidet y lavamanos, con revestimiento cer\u00e1mico en tonos azules. La disposici\u00f3n de los ambientes permite aprovechar el espacio para diversas funciones, ideal para quienes buscan practicidad en un entorno compacto.<\/p>\n","protected":false},"excerpt":{"rendered":"<p>Departamento tipo monoambiente con una superficie total y cubierta de 25 m\u00b2. Ubicado en un edificio de zona urbana, este departamento cuenta con un ambiente principal integrado, pisos de madera y ventanal que otorga acceso a un balc\u00f3n con vista a la ciudad. La cocina independiente est\u00e1 equipada con muebles bajo mesada y cocina a [&hellip;]<\/p>\n","protected":false},"featured_media":7652,"template":"","meta":[],"product_brand":[],"product_cat":[38,16],"product_tag":[],"class_list":{"0":"post-7644","1":"product","2":"type-product","3":"status-publish","4":"has-post-thumbnail","6":"product_cat-1-ambiente","7":"product_cat-alquiler","9":"first","10":"instock","11":"shipping-taxable","12":"purchasable","13":"product-type-simple"},"_links":{"self":[{"href":"https:\/\/mcipropiedades.com.ar\/propiedades\/wp-json\/wp\/v2\/product\/7644","targetHints":{"allow":["GET"]}}],"collection":[{"href":"https:\/\/mcipropiedades.com.ar\/propiedades\/wp-json\/wp\/v2\/product"}],"about":[{"href":"https:\/\/mcipropiedades.com.ar\/propiedades\/wp-json\/wp\/v2\/types\/product"}],"wp:featuredmedia":[{"embeddable":true,"href":"https:\/\/mcipropiedades.com.ar\/propiedades\/wp-json\/wp\/v2\/media\/7652"}],"wp:attachment":[{"href":"https:\/\/mcipropiedades.com.ar\/propiedades\/wp-json\/wp\/v2\/media?parent=7644"}],"wp:term":[{"taxonomy":"product_brand","embeddable":true,"href":"https:\/\/mcipropiedades.com.ar\/propiedades\/wp-json\/wp\/v2\/product_brand?post=7644"},{"taxonomy":"product_cat","embeddable":true,"href":"https:\/\/mcipropiedades.com.ar\/propiedades\/wp-json\/wp\/v2\/product_cat?post=7644"},{"taxonomy":"product_tag","embeddable":true,"href":"https:\/\/mcipropiedades.com.ar\/propiedades\/wp-json\/wp\/v2\/product_tag?post=7644"}],"curies":[{"name":"wp","href":"https:\/\/api.w.org\/{rel}","templated":true}]}}